{"id":3761,"date":"2026-04-20T16:58:18","date_gmt":"2026-04-20T14:58:18","guid":{"rendered":"https:\/\/www.couaroge.com\/?page_id=3761"},"modified":"2026-04-20T17:29:20","modified_gmt":"2026-04-20T15:29:20","slug":"general-conditions-of-rental-2","status":"publish","type":"page","link":"https:\/\/www.couaroge.com\/en\/general-conditions-of-rental-2\/","title":{"rendered":"General Terms and Conditions \u2013 Seminars &#038; Groups"},"content":{"rendered":"","protected":false},"excerpt":{"rendered":"","protected":false},"author":1,"featured_media":2116,"parent":0,"menu_order":0,"comment_status":"closed","ping_status":"closed","template":"templates\/texte-simple.php","meta":{"_acf_changed":false,"footnotes":""},"class_list":["post-3761","page","type-page","status-publish","has-post-thumbnail","hentry"],"acf":[],"yoast_head":"<!-- This site is optimized with the Yoast SEO plugin v25.2 - https:\/\/yoast.com\/wordpress\/plugins\/seo\/ -->\n<title>Conditions G\u00e9n\u00e9rales d&#039;Utilisation - Le Couar\u00f4ge<\/title>\n<meta name=\"description\" content=\"Consultez les conditions g\u00e9n\u00e9rales d&#039;utilisation du Couar\u00f4ge pour la location de chalets et appartements dans les Vosges. Informez-vous sur vos droits.\" \/>\n<meta name=\"robots\" content=\"index, follow, max-snippet:-1, max-image-preview:large, max-video-preview:-1\" \/>\n<link rel=\"canonical\" href=\"https:\/\/www.couaroge.com\/en\/general-conditions-of-rental-2\/\" \/>\n<meta property=\"og:locale\" content=\"en_US\" \/>\n<meta property=\"og:type\" content=\"article\" \/>\n<meta property=\"og:title\" content=\"Conditions G\u00e9n\u00e9rales d&#039;Utilisation - Le Couar\u00f4ge\" \/>\n<meta property=\"og:description\" content=\"Consultez les conditions g\u00e9n\u00e9rales d&#039;utilisation du Couar\u00f4ge pour la location de chalets et appartements dans les Vosges. Informez-vous sur vos droits.\" \/>\n<meta property=\"og:url\" content=\"https:\/\/www.couaroge.com\/en\/general-conditions-of-rental-2\/\" \/>\n<meta property=\"og:site_name\" content=\"Couaroge\" \/>\n<meta property=\"article:publisher\" content=\"https:\/\/www.facebook.com\/lecouaroge\" \/>\n<meta property=\"article:modified_time\" content=\"2026-04-20T15:29:20+00:00\" \/>\n<meta property=\"og:image\" content=\"https:\/\/www.couaroge.com\/wp-content\/uploads\/2024\/11\/Le-Couaroge-HD-29-scaled.jpg\" \/>\n\t<meta property=\"og:image:width\" content=\"2560\" \/>\n\t<meta property=\"og:image:height\" content=\"1707\" \/>\n\t<meta property=\"og:image:type\" content=\"image\/jpeg\" \/>\n<meta name=\"twitter:card\" content=\"summary_large_image\" \/>\n<meta name=\"twitter:label1\" content=\"Est. reading time\" \/>\n\t<meta name=\"twitter:data1\" content=\"1 minute\" \/>\n<script type=\"application\/ld+json\" class=\"yoast-schema-graph\">{\"@context\":\"https:\/\/schema.org\",\"@graph\":[{\"@type\":\"WebPage\",\"@id\":\"https:\/\/www.couaroge.com\/en\/general-conditions-of-rental-2\/\",\"url\":\"https:\/\/www.couaroge.com\/en\/general-conditions-of-rental-2\/\",\"name\":\"Conditions G\u00e9n\u00e9rales d'Utilisation - Le Couar\u00f4ge\",\"isPartOf\":{\"@id\":\"https:\/\/www.couaroge.com\/#website\"},\"primaryImageOfPage\":{\"@id\":\"https:\/\/www.couaroge.com\/en\/general-conditions-of-rental-2\/#primaryimage\"},\"image\":{\"@id\":\"https:\/\/www.couaroge.com\/en\/general-conditions-of-rental-2\/#primaryimage\"},\"thumbnailUrl\":\"https:\/\/www.couaroge.com\/wp-content\/uploads\/2024\/11\/Le-Couaroge-HD-29-scaled.jpg\",\"datePublished\":\"2026-04-20T14:58:18+00:00\",\"dateModified\":\"2026-04-20T15:29:20+00:00\",\"description\":\"Consultez les conditions g\u00e9n\u00e9rales d'utilisation du Couar\u00f4ge pour la location de chalets et appartements dans les Vosges. Informez-vous sur vos droits.\",\"breadcrumb\":{\"@id\":\"https:\/\/www.couaroge.com\/en\/general-conditions-of-rental-2\/#breadcrumb\"},\"inLanguage\":\"en-US\",\"potentialAction\":[{\"@type\":\"ReadAction\",\"target\":[\"https:\/\/www.couaroge.com\/en\/general-conditions-of-rental-2\/\"]}]},{\"@type\":\"ImageObject\",\"inLanguage\":\"en-US\",\"@id\":\"https:\/\/www.couaroge.com\/en\/general-conditions-of-rental-2\/#primaryimage\",\"url\":\"https:\/\/www.couaroge.com\/wp-content\/uploads\/2024\/11\/Le-Couaroge-HD-29-scaled.jpg\",\"contentUrl\":\"https:\/\/www.couaroge.com\/wp-content\/uploads\/2024\/11\/Le-Couaroge-HD-29-scaled.jpg\",\"width\":2560,\"height\":1707},{\"@type\":\"BreadcrumbList\",\"@id\":\"https:\/\/www.couaroge.com\/en\/general-conditions-of-rental-2\/#breadcrumb\",\"itemListElement\":[{\"@type\":\"ListItem\",\"position\":1,\"name\":\"Home\",\"item\":\"https:\/\/www.couaroge.com\/en\/\"},{\"@type\":\"ListItem\",\"position\":2,\"name\":\"General Terms and Conditions \u2013 Seminars &#038; Groups\"}]},{\"@type\":\"WebSite\",\"@id\":\"https:\/\/www.couaroge.com\/#website\",\"url\":\"https:\/\/www.couaroge.com\/\",\"name\":\"Couaroge\",\"description\":\"\",\"publisher\":{\"@id\":\"https:\/\/www.couaroge.com\/#organization\"},\"potentialAction\":[{\"@type\":\"SearchAction\",\"target\":{\"@type\":\"EntryPoint\",\"urlTemplate\":\"https:\/\/www.couaroge.com\/?s={search_term_string}\"},\"query-input\":{\"@type\":\"PropertyValueSpecification\",\"valueRequired\":true,\"valueName\":\"search_term_string\"}}],\"inLanguage\":\"en-US\"},{\"@type\":\"Organization\",\"@id\":\"https:\/\/www.couaroge.com\/#organization\",\"name\":\"Couaroge\",\"url\":\"https:\/\/www.couaroge.com\/\",\"logo\":{\"@type\":\"ImageObject\",\"inLanguage\":\"en-US\",\"@id\":\"https:\/\/www.couaroge.com\/#\/schema\/logo\/image\/\",\"url\":\"https:\/\/www.couaroge.com\/wp-content\/uploads\/2026\/03\/logo-couaroge.svg\",\"contentUrl\":\"https:\/\/www.couaroge.com\/wp-content\/uploads\/2026\/03\/logo-couaroge.svg\",\"width\":1,\"height\":1,\"caption\":\"Couaroge\"},\"image\":{\"@id\":\"https:\/\/www.couaroge.com\/#\/schema\/logo\/image\/\"},\"sameAs\":[\"https:\/\/www.facebook.com\/lecouaroge\"]}]}<\/script>\n<!-- \/ Yoast SEO plugin. -->","yoast_head_json":{"title":"Conditions G\u00e9n\u00e9rales d'Utilisation - Le Couar\u00f4ge","description":"Consultez les conditions g\u00e9n\u00e9rales d'utilisation du Couar\u00f4ge pour la location de chalets et appartements dans les Vosges. Informez-vous sur vos droits.","robots":{"index":"index","follow":"follow","max-snippet":"max-snippet:-1","max-image-preview":"max-image-preview:large","max-video-preview":"max-video-preview:-1"},"canonical":"https:\/\/www.couaroge.com\/en\/general-conditions-of-rental-2\/","og_locale":"en_US","og_type":"article","og_title":"Conditions G\u00e9n\u00e9rales d'Utilisation - Le Couar\u00f4ge","og_description":"Consultez les conditions g\u00e9n\u00e9rales d'utilisation du Couar\u00f4ge pour la location de chalets et appartements dans les Vosges. Informez-vous sur vos droits.","og_url":"https:\/\/www.couaroge.com\/en\/general-conditions-of-rental-2\/","og_site_name":"Couaroge","article_publisher":"https:\/\/www.facebook.com\/lecouaroge","article_modified_time":"2026-04-20T15:29:20+00:00","og_image":[{"width":2560,"height":1707,"url":"https:\/\/www.couaroge.com\/wp-content\/uploads\/2024\/11\/Le-Couaroge-HD-29-scaled.jpg","type":"image\/jpeg"}],"twitter_card":"summary_large_image","twitter_misc":{"Est. reading time":"1 minute"},"schema":{"@context":"https:\/\/schema.org","@graph":[{"@type":"WebPage","@id":"https:\/\/www.couaroge.com\/en\/general-conditions-of-rental-2\/","url":"https:\/\/www.couaroge.com\/en\/general-conditions-of-rental-2\/","name":"Conditions G\u00e9n\u00e9rales d'Utilisation - Le Couar\u00f4ge","isPartOf":{"@id":"https:\/\/www.couaroge.com\/#website"},"primaryImageOfPage":{"@id":"https:\/\/www.couaroge.com\/en\/general-conditions-of-rental-2\/#primaryimage"},"image":{"@id":"https:\/\/www.couaroge.com\/en\/general-conditions-of-rental-2\/#primaryimage"},"thumbnailUrl":"https:\/\/www.couaroge.com\/wp-content\/uploads\/2024\/11\/Le-Couaroge-HD-29-scaled.jpg","datePublished":"2026-04-20T14:58:18+00:00","dateModified":"2026-04-20T15:29:20+00:00","description":"Consultez les conditions g\u00e9n\u00e9rales d'utilisation du Couar\u00f4ge pour la location de chalets et appartements dans les Vosges. Informez-vous sur vos droits.","breadcrumb":{"@id":"https:\/\/www.couaroge.com\/en\/general-conditions-of-rental-2\/#breadcrumb"},"inLanguage":"en-US","potentialAction":[{"@type":"ReadAction","target":["https:\/\/www.couaroge.com\/en\/general-conditions-of-rental-2\/"]}]},{"@type":"ImageObject","inLanguage":"en-US","@id":"https:\/\/www.couaroge.com\/en\/general-conditions-of-rental-2\/#primaryimage","url":"https:\/\/www.couaroge.com\/wp-content\/uploads\/2024\/11\/Le-Couaroge-HD-29-scaled.jpg","contentUrl":"https:\/\/www.couaroge.com\/wp-content\/uploads\/2024\/11\/Le-Couaroge-HD-29-scaled.jpg","width":2560,"height":1707},{"@type":"BreadcrumbList","@id":"https:\/\/www.couaroge.com\/en\/general-conditions-of-rental-2\/#breadcrumb","itemListElement":[{"@type":"ListItem","position":1,"name":"Home","item":"https:\/\/www.couaroge.com\/en\/"},{"@type":"ListItem","position":2,"name":"General Terms and Conditions \u2013 Seminars &#038; Groups"}]},{"@type":"WebSite","@id":"https:\/\/www.couaroge.com\/#website","url":"https:\/\/www.couaroge.com\/","name":"Couaroge","description":"","publisher":{"@id":"https:\/\/www.couaroge.com\/#organization"},"potentialAction":[{"@type":"SearchAction","target":{"@type":"EntryPoint","urlTemplate":"https:\/\/www.couaroge.com\/?s={search_term_string}"},"query-input":{"@type":"PropertyValueSpecification","valueRequired":true,"valueName":"search_term_string"}}],"inLanguage":"en-US"},{"@type":"Organization","@id":"https:\/\/www.couaroge.com\/#organization","name":"Couaroge","url":"https:\/\/www.couaroge.com\/","logo":{"@type":"ImageObject","inLanguage":"en-US","@id":"https:\/\/www.couaroge.com\/#\/schema\/logo\/image\/","url":"https:\/\/www.couaroge.com\/wp-content\/uploads\/2026\/03\/logo-couaroge.svg","contentUrl":"https:\/\/www.couaroge.com\/wp-content\/uploads\/2026\/03\/logo-couaroge.svg","width":1,"height":1,"caption":"Couaroge"},"image":{"@id":"https:\/\/www.couaroge.com\/#\/schema\/logo\/image\/"},"sameAs":["https:\/\/www.facebook.com\/lecouaroge"]}]}},"_links":{"self":[{"href":"https:\/\/www.couaroge.com\/en\/wp-json\/wp\/v2\/pages\/3761","targetHints":{"allow":["GET"]}}],"collection":[{"href":"https:\/\/www.couaroge.com\/en\/wp-json\/wp\/v2\/pages"}],"about":[{"href":"https:\/\/www.couaroge.com\/en\/wp-json\/wp\/v2\/types\/page"}],"author":[{"embeddable":true,"href":"https:\/\/www.couaroge.com\/en\/wp-json\/wp\/v2\/users\/1"}],"replies":[{"embeddable":true,"href":"https:\/\/www.couaroge.com\/en\/wp-json\/wp\/v2\/comments?post=3761"}],"version-history":[{"count":6,"href":"https:\/\/www.couaroge.com\/en\/wp-json\/wp\/v2\/pages\/3761\/revisions"}],"predecessor-version":[{"id":3790,"href":"https:\/\/www.couaroge.com\/en\/wp-json\/wp\/v2\/pages\/3761\/revisions\/3790"}],"wp:featuredmedia":[{"embeddable":true,"href":"https:\/\/www.couaroge.com\/en\/wp-json\/wp\/v2\/media\/2116"}],"wp:attachment":[{"href":"https:\/\/www.couaroge.com\/en\/wp-json\/wp\/v2\/media?parent=3761"}],"curies":[{"name":"wp","href":"https:\/\/api.w.org\/{rel}","templated":true}]}}