{"id":3760,"date":"2026-04-20T16:58:18","date_gmt":"2026-04-20T14:58:18","guid":{"rendered":"https:\/\/www.couaroge.com\/?page_id=3760"},"modified":"2026-04-20T17:30:34","modified_gmt":"2026-04-20T15:30:34","slug":"allgemeine-mietbedingungen-2","status":"publish","type":"page","link":"https:\/\/www.couaroge.com\/de\/allgemeine-mietbedingungen-2\/","title":{"rendered":"Allgemeine Gesch\u00e4ftsbedingungen (AGB) \u2013 Seminare &#038; Gruppen"},"content":{"rendered":"","protected":false},"excerpt":{"rendered":"","protected":false},"author":1,"featured_media":2117,"parent":0,"menu_order":0,"comment_status":"closed","ping_status":"closed","template":"templates\/texte-simple.php","meta":{"_acf_changed":false,"footnotes":""},"class_list":["post-3760","page","type-page","status-publish","has-post-thumbnail","hentry"],"acf":[],"yoast_head":"<!-- This site is optimized with the Yoast SEO plugin v25.2 - https:\/\/yoast.com\/wordpress\/plugins\/seo\/ -->\n<title>Allgemeine Nutzungsbedingungen \u2013 Le Couar\u00f4ge<\/title>\n<meta name=\"description\" content=\"Bitte lesen Sie die Allgemeinen Nutzungsbedingungen von Le Couar\u00f4ge f\u00fcr die Vermietung von Chalets und Apartments in den Vogesen. Informieren Sie sich \u00fcber Ihre Rechte.\" \/>\n<meta name=\"robots\" content=\"index, follow, max-snippet:-1, max-image-preview:large, max-video-preview:-1\" \/>\n<link rel=\"canonical\" href=\"https:\/\/www.couaroge.com\/de\/allgemeine-mietbedingungen-2\/\" \/>\n<meta property=\"og:locale\" content=\"de_DE\" \/>\n<meta property=\"og:type\" content=\"article\" \/>\n<meta property=\"og:title\" content=\"Allgemeine Nutzungsbedingungen \u2013 Le Couar\u00f4ge\" \/>\n<meta property=\"og:description\" content=\"Bitte lesen Sie die Allgemeinen Nutzungsbedingungen von Le Couar\u00f4ge f\u00fcr die Vermietung von Chalets und Apartments in den Vogesen. Informieren Sie sich \u00fcber Ihre Rechte.\" \/>\n<meta property=\"og:url\" content=\"https:\/\/www.couaroge.com\/de\/allgemeine-mietbedingungen-2\/\" \/>\n<meta property=\"og:site_name\" content=\"Couaroge\" \/>\n<meta property=\"article:publisher\" content=\"https:\/\/www.facebook.com\/lecouaroge\" \/>\n<meta property=\"article:modified_time\" content=\"2026-04-20T15:30:34+00:00\" \/>\n<meta property=\"og:image\" content=\"https:\/\/www.couaroge.com\/wp-content\/uploads\/2024\/11\/Le-Couaroge-HD-29-scaled.jpg\" \/>\n\t<meta property=\"og:image:width\" content=\"1920\" \/>\n\t<meta property=\"og:image:height\" content=\"1280\" \/>\n\t<meta property=\"og:image:type\" content=\"image\/jpeg\" \/>\n<meta name=\"twitter:card\" content=\"summary_large_image\" \/>\n<meta name=\"twitter:label1\" content=\"Gesch\u00e4tzte Lesezeit\" \/>\n\t<meta name=\"twitter:data1\" content=\"1\u00a0Minute\" \/>\n<script type=\"application\/ld+json\" class=\"yoast-schema-graph\">{\"@context\":\"https:\/\/schema.org\",\"@graph\":[{\"@type\":\"WebPage\",\"@id\":\"https:\/\/www.couaroge.com\/de\/allgemeine-mietbedingungen-2\/\",\"url\":\"https:\/\/www.couaroge.com\/de\/allgemeine-mietbedingungen-2\/\",\"name\":\"Allgemeine Nutzungsbedingungen \u2013 Le Couar\u00f4ge\",\"isPartOf\":{\"@id\":\"https:\/\/www.couaroge.com\/#website\"},\"primaryImageOfPage\":{\"@id\":\"https:\/\/www.couaroge.com\/de\/allgemeine-mietbedingungen-2\/#primaryimage\"},\"image\":{\"@id\":\"https:\/\/www.couaroge.com\/de\/allgemeine-mietbedingungen-2\/#primaryimage\"},\"thumbnailUrl\":\"https:\/\/www.couaroge.com\/wp-content\/uploads\/2024\/11\/Le-Couaroge-HD-29-scaled.jpg\",\"datePublished\":\"2026-04-20T14:58:18+00:00\",\"dateModified\":\"2026-04-20T15:30:34+00:00\",\"description\":\"Bitte lesen Sie die Allgemeinen Nutzungsbedingungen von Le Couar\u00f4ge f\u00fcr die Vermietung von Chalets und Apartments in den Vogesen. Informieren Sie sich \u00fcber Ihre Rechte.\",\"breadcrumb\":{\"@id\":\"https:\/\/www.couaroge.com\/de\/allgemeine-mietbedingungen-2\/#breadcrumb\"},\"inLanguage\":\"de\",\"potentialAction\":[{\"@type\":\"ReadAction\",\"target\":[\"https:\/\/www.couaroge.com\/de\/allgemeine-mietbedingungen-2\/\"]}]},{\"@type\":\"ImageObject\",\"inLanguage\":\"de\",\"@id\":\"https:\/\/www.couaroge.com\/de\/allgemeine-mietbedingungen-2\/#primaryimage\",\"url\":\"https:\/\/www.couaroge.com\/wp-content\/uploads\/2024\/11\/Le-Couaroge-HD-29-scaled.jpg\",\"contentUrl\":\"https:\/\/www.couaroge.com\/wp-content\/uploads\/2024\/11\/Le-Couaroge-HD-29-scaled.jpg\",\"width\":1920,\"height\":1280},{\"@type\":\"BreadcrumbList\",\"@id\":\"https:\/\/www.couaroge.com\/de\/allgemeine-mietbedingungen-2\/#breadcrumb\",\"itemListElement\":[{\"@type\":\"ListItem\",\"position\":1,\"name\":\"Home\",\"item\":\"https:\/\/www.couaroge.com\/de\/\"},{\"@type\":\"ListItem\",\"position\":2,\"name\":\"Allgemeine Gesch\u00e4ftsbedingungen (AGB) \u2013 Seminare &#038; Gruppen\"}]},{\"@type\":\"WebSite\",\"@id\":\"https:\/\/www.couaroge.com\/#website\",\"url\":\"https:\/\/www.couaroge.com\/\",\"name\":\"Couaroge\",\"description\":\"\",\"publisher\":{\"@id\":\"https:\/\/www.couaroge.com\/#organization\"},\"potentialAction\":[{\"@type\":\"SearchAction\",\"target\":{\"@type\":\"EntryPoint\",\"urlTemplate\":\"https:\/\/www.couaroge.com\/?s={search_term_string}\"},\"query-input\":{\"@type\":\"PropertyValueSpecification\",\"valueRequired\":true,\"valueName\":\"search_term_string\"}}],\"inLanguage\":\"de\"},{\"@type\":\"Organization\",\"@id\":\"https:\/\/www.couaroge.com\/#organization\",\"name\":\"Couaroge\",\"url\":\"https:\/\/www.couaroge.com\/\",\"logo\":{\"@type\":\"ImageObject\",\"inLanguage\":\"de\",\"@id\":\"https:\/\/www.couaroge.com\/#\/schema\/logo\/image\/\",\"url\":\"https:\/\/www.couaroge.com\/wp-content\/uploads\/2026\/03\/logo-couaroge.svg\",\"contentUrl\":\"https:\/\/www.couaroge.com\/wp-content\/uploads\/2026\/03\/logo-couaroge.svg\",\"width\":1,\"height\":1,\"caption\":\"Couaroge\"},\"image\":{\"@id\":\"https:\/\/www.couaroge.com\/#\/schema\/logo\/image\/\"},\"sameAs\":[\"https:\/\/www.facebook.com\/lecouaroge\"]}]}<\/script>\n<!-- \/ Yoast SEO plugin. -->","yoast_head_json":{"title":"Allgemeine Nutzungsbedingungen \u2013 Le Couar\u00f4ge","description":"Bitte lesen Sie die Allgemeinen Nutzungsbedingungen von Le Couar\u00f4ge f\u00fcr die Vermietung von Chalets und Apartments in den Vogesen. Informieren Sie sich \u00fcber Ihre Rechte.","robots":{"index":"index","follow":"follow","max-snippet":"max-snippet:-1","max-image-preview":"max-image-preview:large","max-video-preview":"max-video-preview:-1"},"canonical":"https:\/\/www.couaroge.com\/de\/allgemeine-mietbedingungen-2\/","og_locale":"de_DE","og_type":"article","og_title":"Allgemeine Nutzungsbedingungen \u2013 Le Couar\u00f4ge","og_description":"Bitte lesen Sie die Allgemeinen Nutzungsbedingungen von Le Couar\u00f4ge f\u00fcr die Vermietung von Chalets und Apartments in den Vogesen. Informieren Sie sich \u00fcber Ihre Rechte.","og_url":"https:\/\/www.couaroge.com\/de\/allgemeine-mietbedingungen-2\/","og_site_name":"Couaroge","article_publisher":"https:\/\/www.facebook.com\/lecouaroge","article_modified_time":"2026-04-20T15:30:34+00:00","og_image":[{"width":1920,"height":1280,"url":"https:\/\/www.couaroge.com\/wp-content\/uploads\/2024\/11\/Le-Couaroge-HD-29-scaled.jpg","type":"image\/jpeg"}],"twitter_card":"summary_large_image","twitter_misc":{"Gesch\u00e4tzte Lesezeit":"1\u00a0Minute"},"schema":{"@context":"https:\/\/schema.org","@graph":[{"@type":"WebPage","@id":"https:\/\/www.couaroge.com\/de\/allgemeine-mietbedingungen-2\/","url":"https:\/\/www.couaroge.com\/de\/allgemeine-mietbedingungen-2\/","name":"Allgemeine Nutzungsbedingungen \u2013 Le Couar\u00f4ge","isPartOf":{"@id":"https:\/\/www.couaroge.com\/#website"},"primaryImageOfPage":{"@id":"https:\/\/www.couaroge.com\/de\/allgemeine-mietbedingungen-2\/#primaryimage"},"image":{"@id":"https:\/\/www.couaroge.com\/de\/allgemeine-mietbedingungen-2\/#primaryimage"},"thumbnailUrl":"https:\/\/www.couaroge.com\/wp-content\/uploads\/2024\/11\/Le-Couaroge-HD-29-scaled.jpg","datePublished":"2026-04-20T14:58:18+00:00","dateModified":"2026-04-20T15:30:34+00:00","description":"Bitte lesen Sie die Allgemeinen Nutzungsbedingungen von Le Couar\u00f4ge f\u00fcr die Vermietung von Chalets und Apartments in den Vogesen. Informieren Sie sich \u00fcber Ihre Rechte.","breadcrumb":{"@id":"https:\/\/www.couaroge.com\/de\/allgemeine-mietbedingungen-2\/#breadcrumb"},"inLanguage":"de","potentialAction":[{"@type":"ReadAction","target":["https:\/\/www.couaroge.com\/de\/allgemeine-mietbedingungen-2\/"]}]},{"@type":"ImageObject","inLanguage":"de","@id":"https:\/\/www.couaroge.com\/de\/allgemeine-mietbedingungen-2\/#primaryimage","url":"https:\/\/www.couaroge.com\/wp-content\/uploads\/2024\/11\/Le-Couaroge-HD-29-scaled.jpg","contentUrl":"https:\/\/www.couaroge.com\/wp-content\/uploads\/2024\/11\/Le-Couaroge-HD-29-scaled.jpg","width":1920,"height":1280},{"@type":"BreadcrumbList","@id":"https:\/\/www.couaroge.com\/de\/allgemeine-mietbedingungen-2\/#breadcrumb","itemListElement":[{"@type":"ListItem","position":1,"name":"Home","item":"https:\/\/www.couaroge.com\/de\/"},{"@type":"ListItem","position":2,"name":"Allgemeine Gesch\u00e4ftsbedingungen (AGB) \u2013 Seminare &#038; Gruppen"}]},{"@type":"WebSite","@id":"https:\/\/www.couaroge.com\/#website","url":"https:\/\/www.couaroge.com\/","name":"Couaroge","description":"","publisher":{"@id":"https:\/\/www.couaroge.com\/#organization"},"potentialAction":[{"@type":"SearchAction","target":{"@type":"EntryPoint","urlTemplate":"https:\/\/www.couaroge.com\/?s={search_term_string}"},"query-input":{"@type":"PropertyValueSpecification","valueRequired":true,"valueName":"search_term_string"}}],"inLanguage":"de"},{"@type":"Organization","@id":"https:\/\/www.couaroge.com\/#organization","name":"Couaroge","url":"https:\/\/www.couaroge.com\/","logo":{"@type":"ImageObject","inLanguage":"de","@id":"https:\/\/www.couaroge.com\/#\/schema\/logo\/image\/","url":"https:\/\/www.couaroge.com\/wp-content\/uploads\/2026\/03\/logo-couaroge.svg","contentUrl":"https:\/\/www.couaroge.com\/wp-content\/uploads\/2026\/03\/logo-couaroge.svg","width":1,"height":1,"caption":"Couaroge"},"image":{"@id":"https:\/\/www.couaroge.com\/#\/schema\/logo\/image\/"},"sameAs":["https:\/\/www.facebook.com\/lecouaroge"]}]}},"_links":{"self":[{"href":"https:\/\/www.couaroge.com\/de\/wp-json\/wp\/v2\/pages\/3760","targetHints":{"allow":["GET"]}}],"collection":[{"href":"https:\/\/www.couaroge.com\/de\/wp-json\/wp\/v2\/pages"}],"about":[{"href":"https:\/\/www.couaroge.com\/de\/wp-json\/wp\/v2\/types\/page"}],"author":[{"embeddable":true,"href":"https:\/\/www.couaroge.com\/de\/wp-json\/wp\/v2\/users\/1"}],"replies":[{"embeddable":true,"href":"https:\/\/www.couaroge.com\/de\/wp-json\/wp\/v2\/comments?post=3760"}],"version-history":[{"count":5,"href":"https:\/\/www.couaroge.com\/de\/wp-json\/wp\/v2\/pages\/3760\/revisions"}],"predecessor-version":[{"id":3791,"href":"https:\/\/www.couaroge.com\/de\/wp-json\/wp\/v2\/pages\/3760\/revisions\/3791"}],"wp:featuredmedia":[{"embeddable":true,"href":"https:\/\/www.couaroge.com\/de\/wp-json\/wp\/v2\/media\/2117"}],"wp:attachment":[{"href":"https:\/\/www.couaroge.com\/de\/wp-json\/wp\/v2\/media?parent=3760"}],"curies":[{"name":"wp","href":"https:\/\/api.w.org\/{rel}","templated":true}]}}