{"id":2643,"date":"2024-07-31T08:04:17","date_gmt":"2024-07-31T06:04:17","guid":{"rendered":"https:\/\/www.couaroge.com\/salles-seminaires\/"},"modified":"2025-08-28T11:40:17","modified_gmt":"2025-08-28T09:40:17","slug":"salles-seminaires","status":"publish","type":"page","link":"https:\/\/www.couaroge.com\/de\/salles-seminaires\/","title":{"rendered":"S\u00e4le und Seminare"},"content":{"rendered":"","protected":false},"excerpt":{"rendered":"","protected":false},"author":1,"featured_media":2644,"parent":0,"menu_order":0,"comment_status":"closed","ping_status":"closed","template":"templates\/seminaire.php","meta":{"_acf_changed":false,"footnotes":""},"class_list":["post-2643","page","type-page","status-publish","has-post-thumbnail","hentry"],"acf":[],"yoast_head":"<!-- This site is optimized with the Yoast SEO plugin v25.2 - https:\/\/yoast.com\/wordpress\/plugins\/seo\/ -->\n<title>S\u00e4le und Naturseminare das ganze Jahr \u00fcber in den Vogesen - Le Couar\u00f4ge<\/title>\n<meta name=\"description\" content=\"Firmenseminare von 2 bis 30 Personen, Teamzusammenhalt, Showroom, schl\u00fcsselfertige Pauschalen, verschiedene Aktivit\u00e4ten, die von passionierten Mitarbeitern betreut werden. Tagungsr\u00e4ume\" \/>\n<meta name=\"robots\" content=\"index, follow, max-snippet:-1, max-image-preview:large, max-video-preview:-1\" \/>\n<link rel=\"canonical\" href=\"https:\/\/www.couaroge.com\/de\/salles-seminaires\/\" \/>\n<meta property=\"og:locale\" content=\"de_DE\" \/>\n<meta property=\"og:type\" content=\"article\" \/>\n<meta property=\"og:title\" content=\"S\u00e4le und Naturseminare das ganze Jahr \u00fcber in den Vogesen - Le Couar\u00f4ge\" \/>\n<meta property=\"og:description\" content=\"Firmenseminare von 2 bis 30 Personen, Teamzusammenhalt, Showroom, schl\u00fcsselfertige Pauschalen, verschiedene Aktivit\u00e4ten, die von passionierten Mitarbeitern betreut werden. Tagungsr\u00e4ume\" \/>\n<meta property=\"og:url\" content=\"https:\/\/www.couaroge.com\/de\/salles-seminaires\/\" \/>\n<meta property=\"og:site_name\" content=\"Couaroge\" \/>\n<meta property=\"article:publisher\" content=\"https:\/\/www.facebook.com\/lecouaroge\" \/>\n<meta property=\"article:modified_time\" content=\"2025-08-28T09:40:17+00:00\" \/>\n<meta property=\"og:image\" content=\"https:\/\/www.couaroge.com\/wp-content\/uploads\/2024\/08\/Frame-365.png\" \/>\n\t<meta property=\"og:image:width\" content=\"591\" \/>\n\t<meta property=\"og:image:height\" content=\"591\" \/>\n\t<meta property=\"og:image:type\" content=\"image\/png\" \/>\n<meta name=\"twitter:card\" content=\"summary_large_image\" \/>\n<meta name=\"twitter:label1\" content=\"Gesch\u00e4tzte Lesezeit\" \/>\n\t<meta name=\"twitter:data1\" content=\"1\u00a0Minute\" \/>\n<script type=\"application\/ld+json\" class=\"yoast-schema-graph\">{\"@context\":\"https:\/\/schema.org\",\"@graph\":[{\"@type\":\"WebPage\",\"@id\":\"https:\/\/www.couaroge.com\/de\/salles-seminaires\/\",\"url\":\"https:\/\/www.couaroge.com\/de\/salles-seminaires\/\",\"name\":\"S\u00e4le und Naturseminare das ganze Jahr \u00fcber in den Vogesen - Le Couar\u00f4ge\",\"isPartOf\":{\"@id\":\"https:\/\/www.couaroge.com\/#website\"},\"primaryImageOfPage\":{\"@id\":\"https:\/\/www.couaroge.com\/de\/salles-seminaires\/#primaryimage\"},\"image\":{\"@id\":\"https:\/\/www.couaroge.com\/de\/salles-seminaires\/#primaryimage\"},\"thumbnailUrl\":\"https:\/\/www.couaroge.com\/wp-content\/uploads\/2024\/08\/Frame-365.png\",\"datePublished\":\"2024-07-31T06:04:17+00:00\",\"dateModified\":\"2025-08-28T09:40:17+00:00\",\"description\":\"Firmenseminare von 2 bis 30 Personen, Teamzusammenhalt, Showroom, schl\u00fcsselfertige Pauschalen, verschiedene Aktivit\u00e4ten, die von passionierten Mitarbeitern betreut werden. Tagungsr\u00e4ume\",\"breadcrumb\":{\"@id\":\"https:\/\/www.couaroge.com\/de\/salles-seminaires\/#breadcrumb\"},\"inLanguage\":\"de\",\"potentialAction\":[{\"@type\":\"ReadAction\",\"target\":[\"https:\/\/www.couaroge.com\/de\/salles-seminaires\/\"]}]},{\"@type\":\"ImageObject\",\"inLanguage\":\"de\",\"@id\":\"https:\/\/www.couaroge.com\/de\/salles-seminaires\/#primaryimage\",\"url\":\"https:\/\/www.couaroge.com\/wp-content\/uploads\/2024\/08\/Frame-365.png\",\"contentUrl\":\"https:\/\/www.couaroge.com\/wp-content\/uploads\/2024\/08\/Frame-365.png\",\"width\":591,\"height\":591},{\"@type\":\"BreadcrumbList\",\"@id\":\"https:\/\/www.couaroge.com\/de\/salles-seminaires\/#breadcrumb\",\"itemListElement\":[{\"@type\":\"ListItem\",\"position\":1,\"name\":\"Home\",\"item\":\"https:\/\/www.couaroge.com\/de\/\"},{\"@type\":\"ListItem\",\"position\":2,\"name\":\"S\u00e4le und Seminare\"}]},{\"@type\":\"WebSite\",\"@id\":\"https:\/\/www.couaroge.com\/#website\",\"url\":\"https:\/\/www.couaroge.com\/\",\"name\":\"Couaroge\",\"description\":\"\",\"publisher\":{\"@id\":\"https:\/\/www.couaroge.com\/#organization\"},\"potentialAction\":[{\"@type\":\"SearchAction\",\"target\":{\"@type\":\"EntryPoint\",\"urlTemplate\":\"https:\/\/www.couaroge.com\/?s={search_term_string}\"},\"query-input\":{\"@type\":\"PropertyValueSpecification\",\"valueRequired\":true,\"valueName\":\"search_term_string\"}}],\"inLanguage\":\"de\"},{\"@type\":\"Organization\",\"@id\":\"https:\/\/www.couaroge.com\/#organization\",\"name\":\"Couaroge\",\"url\":\"https:\/\/www.couaroge.com\/\",\"logo\":{\"@type\":\"ImageObject\",\"inLanguage\":\"de\",\"@id\":\"https:\/\/www.couaroge.com\/#\/schema\/logo\/image\/\",\"url\":\"https:\/\/www.couaroge.com\/wp-content\/uploads\/2026\/03\/logo-couaroge.svg\",\"contentUrl\":\"https:\/\/www.couaroge.com\/wp-content\/uploads\/2026\/03\/logo-couaroge.svg\",\"width\":1,\"height\":1,\"caption\":\"Couaroge\"},\"image\":{\"@id\":\"https:\/\/www.couaroge.com\/#\/schema\/logo\/image\/\"},\"sameAs\":[\"https:\/\/www.facebook.com\/lecouaroge\"]}]}<\/script>\n<!-- \/ Yoast SEO plugin. -->","yoast_head_json":{"title":"S\u00e4le und Naturseminare das ganze Jahr \u00fcber in den Vogesen - Le Couar\u00f4ge","description":"Firmenseminare von 2 bis 30 Personen, Teamzusammenhalt, Showroom, schl\u00fcsselfertige Pauschalen, verschiedene Aktivit\u00e4ten, die von passionierten Mitarbeitern betreut werden. Tagungsr\u00e4ume","robots":{"index":"index","follow":"follow","max-snippet":"max-snippet:-1","max-image-preview":"max-image-preview:large","max-video-preview":"max-video-preview:-1"},"canonical":"https:\/\/www.couaroge.com\/de\/salles-seminaires\/","og_locale":"de_DE","og_type":"article","og_title":"S\u00e4le und Naturseminare das ganze Jahr \u00fcber in den Vogesen - Le Couar\u00f4ge","og_description":"Firmenseminare von 2 bis 30 Personen, Teamzusammenhalt, Showroom, schl\u00fcsselfertige Pauschalen, verschiedene Aktivit\u00e4ten, die von passionierten Mitarbeitern betreut werden. Tagungsr\u00e4ume","og_url":"https:\/\/www.couaroge.com\/de\/salles-seminaires\/","og_site_name":"Couaroge","article_publisher":"https:\/\/www.facebook.com\/lecouaroge","article_modified_time":"2025-08-28T09:40:17+00:00","og_image":[{"width":591,"height":591,"url":"https:\/\/www.couaroge.com\/wp-content\/uploads\/2024\/08\/Frame-365.png","type":"image\/png"}],"twitter_card":"summary_large_image","twitter_misc":{"Gesch\u00e4tzte Lesezeit":"1\u00a0Minute"},"schema":{"@context":"https:\/\/schema.org","@graph":[{"@type":"WebPage","@id":"https:\/\/www.couaroge.com\/de\/salles-seminaires\/","url":"https:\/\/www.couaroge.com\/de\/salles-seminaires\/","name":"S\u00e4le und Naturseminare das ganze Jahr \u00fcber in den Vogesen - Le Couar\u00f4ge","isPartOf":{"@id":"https:\/\/www.couaroge.com\/#website"},"primaryImageOfPage":{"@id":"https:\/\/www.couaroge.com\/de\/salles-seminaires\/#primaryimage"},"image":{"@id":"https:\/\/www.couaroge.com\/de\/salles-seminaires\/#primaryimage"},"thumbnailUrl":"https:\/\/www.couaroge.com\/wp-content\/uploads\/2024\/08\/Frame-365.png","datePublished":"2024-07-31T06:04:17+00:00","dateModified":"2025-08-28T09:40:17+00:00","description":"Firmenseminare von 2 bis 30 Personen, Teamzusammenhalt, Showroom, schl\u00fcsselfertige Pauschalen, verschiedene Aktivit\u00e4ten, die von passionierten Mitarbeitern betreut werden. Tagungsr\u00e4ume","breadcrumb":{"@id":"https:\/\/www.couaroge.com\/de\/salles-seminaires\/#breadcrumb"},"inLanguage":"de","potentialAction":[{"@type":"ReadAction","target":["https:\/\/www.couaroge.com\/de\/salles-seminaires\/"]}]},{"@type":"ImageObject","inLanguage":"de","@id":"https:\/\/www.couaroge.com\/de\/salles-seminaires\/#primaryimage","url":"https:\/\/www.couaroge.com\/wp-content\/uploads\/2024\/08\/Frame-365.png","contentUrl":"https:\/\/www.couaroge.com\/wp-content\/uploads\/2024\/08\/Frame-365.png","width":591,"height":591},{"@type":"BreadcrumbList","@id":"https:\/\/www.couaroge.com\/de\/salles-seminaires\/#breadcrumb","itemListElement":[{"@type":"ListItem","position":1,"name":"Home","item":"https:\/\/www.couaroge.com\/de\/"},{"@type":"ListItem","position":2,"name":"S\u00e4le und Seminare"}]},{"@type":"WebSite","@id":"https:\/\/www.couaroge.com\/#website","url":"https:\/\/www.couaroge.com\/","name":"Couaroge","description":"","publisher":{"@id":"https:\/\/www.couaroge.com\/#organization"},"potentialAction":[{"@type":"SearchAction","target":{"@type":"EntryPoint","urlTemplate":"https:\/\/www.couaroge.com\/?s={search_term_string}"},"query-input":{"@type":"PropertyValueSpecification","valueRequired":true,"valueName":"search_term_string"}}],"inLanguage":"de"},{"@type":"Organization","@id":"https:\/\/www.couaroge.com\/#organization","name":"Couaroge","url":"https:\/\/www.couaroge.com\/","logo":{"@type":"ImageObject","inLanguage":"de","@id":"https:\/\/www.couaroge.com\/#\/schema\/logo\/image\/","url":"https:\/\/www.couaroge.com\/wp-content\/uploads\/2026\/03\/logo-couaroge.svg","contentUrl":"https:\/\/www.couaroge.com\/wp-content\/uploads\/2026\/03\/logo-couaroge.svg","width":1,"height":1,"caption":"Couaroge"},"image":{"@id":"https:\/\/www.couaroge.com\/#\/schema\/logo\/image\/"},"sameAs":["https:\/\/www.facebook.com\/lecouaroge"]}]}},"_links":{"self":[{"href":"https:\/\/www.couaroge.com\/de\/wp-json\/wp\/v2\/pages\/2643","targetHints":{"allow":["GET"]}}],"collection":[{"href":"https:\/\/www.couaroge.com\/de\/wp-json\/wp\/v2\/pages"}],"about":[{"href":"https:\/\/www.couaroge.com\/de\/wp-json\/wp\/v2\/types\/page"}],"author":[{"embeddable":true,"href":"https:\/\/www.couaroge.com\/de\/wp-json\/wp\/v2\/users\/1"}],"replies":[{"embeddable":true,"href":"https:\/\/www.couaroge.com\/de\/wp-json\/wp\/v2\/comments?post=2643"}],"version-history":[{"count":3,"href":"https:\/\/www.couaroge.com\/de\/wp-json\/wp\/v2\/pages\/2643\/revisions"}],"predecessor-version":[{"id":3006,"href":"https:\/\/www.couaroge.com\/de\/wp-json\/wp\/v2\/pages\/2643\/revisions\/3006"}],"wp:featuredmedia":[{"embeddable":true,"href":"https:\/\/www.couaroge.com\/de\/wp-json\/wp\/v2\/media\/2644"}],"wp:attachment":[{"href":"https:\/\/www.couaroge.com\/de\/wp-json\/wp\/v2\/media?parent=2643"}],"curies":[{"name":"wp","href":"https:\/\/api.w.org\/{rel}","templated":true}]}}