{"id":2636,"date":"2024-08-02T09:12:02","date_gmt":"2024-08-02T07:12:02","guid":{"rendered":"https:\/\/www.couaroge.com\/recrutement\/"},"modified":"2025-10-22T12:14:51","modified_gmt":"2025-10-22T10:14:51","slug":"recrutement","status":"publish","type":"page","link":"https:\/\/www.couaroge.com\/de\/recrutement\/","title":{"rendered":"Recrutement"},"content":{"rendered":"","protected":false},"excerpt":{"rendered":"","protected":false},"author":1,"featured_media":0,"parent":0,"menu_order":0,"comment_status":"closed","ping_status":"closed","template":"templates\/recrutement.php","meta":{"_acf_changed":false,"footnotes":""},"class_list":["post-2636","page","type-page","status-publish","hentry"],"acf":[],"yoast_head":"<!-- This site is optimized with the Yoast SEO plugin v25.2 - https:\/\/yoast.com\/wordpress\/plugins\/seo\/ -->\n<title>Rekrutierung in Couar\u00f4ge - Werden Sie Teil unseres Teams<\/title>\n<meta name=\"description\" content=\"Entdecken Sie die Stellenangebote und werden Sie Teil des Teams von Le Couar\u00f4ge. Werden Sie Teil des Abenteuers der Unterk\u00fcnfte und Aktivit\u00e4ten in den Bergen.\" \/>\n<meta name=\"robots\" content=\"index, follow, max-snippet:-1, max-image-preview:large, max-video-preview:-1\" \/>\n<link rel=\"canonical\" href=\"https:\/\/www.couaroge.com\/de\/recrutement\/\" \/>\n<meta property=\"og:locale\" content=\"de_DE\" \/>\n<meta property=\"og:type\" content=\"article\" \/>\n<meta property=\"og:title\" content=\"Rekrutierung in Couar\u00f4ge - Werden Sie Teil unseres Teams\" \/>\n<meta property=\"og:description\" content=\"Entdecken Sie die Stellenangebote und werden Sie Teil des Teams von Le Couar\u00f4ge. Werden Sie Teil des Abenteuers der Unterk\u00fcnfte und Aktivit\u00e4ten in den Bergen.\" \/>\n<meta property=\"og:url\" content=\"https:\/\/www.couaroge.com\/de\/recrutement\/\" \/>\n<meta property=\"og:site_name\" content=\"Couaroge\" \/>\n<meta property=\"article:publisher\" content=\"https:\/\/www.facebook.com\/lecouaroge\" \/>\n<meta property=\"article:modified_time\" content=\"2025-10-22T10:14:51+00:00\" \/>\n<meta name=\"twitter:card\" content=\"summary_large_image\" \/>\n<script type=\"application\/ld+json\" class=\"yoast-schema-graph\">{\"@context\":\"https:\/\/schema.org\",\"@graph\":[{\"@type\":\"WebPage\",\"@id\":\"https:\/\/www.couaroge.com\/de\/recrutement\/\",\"url\":\"https:\/\/www.couaroge.com\/de\/recrutement\/\",\"name\":\"Rekrutierung in Couar\u00f4ge - Werden Sie Teil unseres Teams\",\"isPartOf\":{\"@id\":\"https:\/\/www.couaroge.com\/#website\"},\"datePublished\":\"2024-08-02T07:12:02+00:00\",\"dateModified\":\"2025-10-22T10:14:51+00:00\",\"description\":\"Entdecken Sie die Stellenangebote und werden Sie Teil des Teams von Le Couar\u00f4ge. Werden Sie Teil des Abenteuers der Unterk\u00fcnfte und Aktivit\u00e4ten in den Bergen.\",\"breadcrumb\":{\"@id\":\"https:\/\/www.couaroge.com\/de\/recrutement\/#breadcrumb\"},\"inLanguage\":\"de\",\"potentialAction\":[{\"@type\":\"ReadAction\",\"target\":[\"https:\/\/www.couaroge.com\/de\/recrutement\/\"]}]},{\"@type\":\"BreadcrumbList\",\"@id\":\"https:\/\/www.couaroge.com\/de\/recrutement\/#breadcrumb\",\"itemListElement\":[{\"@type\":\"ListItem\",\"position\":1,\"name\":\"Home\",\"item\":\"https:\/\/www.couaroge.com\/de\/\"},{\"@type\":\"ListItem\",\"position\":2,\"name\":\"Recrutement\"}]},{\"@type\":\"WebSite\",\"@id\":\"https:\/\/www.couaroge.com\/#website\",\"url\":\"https:\/\/www.couaroge.com\/\",\"name\":\"Couaroge\",\"description\":\"\",\"publisher\":{\"@id\":\"https:\/\/www.couaroge.com\/#organization\"},\"potentialAction\":[{\"@type\":\"SearchAction\",\"target\":{\"@type\":\"EntryPoint\",\"urlTemplate\":\"https:\/\/www.couaroge.com\/?s={search_term_string}\"},\"query-input\":{\"@type\":\"PropertyValueSpecification\",\"valueRequired\":true,\"valueName\":\"search_term_string\"}}],\"inLanguage\":\"de\"},{\"@type\":\"Organization\",\"@id\":\"https:\/\/www.couaroge.com\/#organization\",\"name\":\"Couaroge\",\"url\":\"https:\/\/www.couaroge.com\/\",\"logo\":{\"@type\":\"ImageObject\",\"inLanguage\":\"de\",\"@id\":\"https:\/\/www.couaroge.com\/#\/schema\/logo\/image\/\",\"url\":\"https:\/\/www.couaroge.com\/wp-content\/uploads\/2026\/03\/logo-couaroge.svg\",\"contentUrl\":\"https:\/\/www.couaroge.com\/wp-content\/uploads\/2026\/03\/logo-couaroge.svg\",\"width\":1,\"height\":1,\"caption\":\"Couaroge\"},\"image\":{\"@id\":\"https:\/\/www.couaroge.com\/#\/schema\/logo\/image\/\"},\"sameAs\":[\"https:\/\/www.facebook.com\/lecouaroge\"]}]}<\/script>\n<!-- \/ Yoast SEO plugin. -->","yoast_head_json":{"title":"Rekrutierung in Couar\u00f4ge - Werden Sie Teil unseres Teams","description":"Entdecken Sie die Stellenangebote und werden Sie Teil des Teams von Le Couar\u00f4ge. Werden Sie Teil des Abenteuers der Unterk\u00fcnfte und Aktivit\u00e4ten in den Bergen.","robots":{"index":"index","follow":"follow","max-snippet":"max-snippet:-1","max-image-preview":"max-image-preview:large","max-video-preview":"max-video-preview:-1"},"canonical":"https:\/\/www.couaroge.com\/de\/recrutement\/","og_locale":"de_DE","og_type":"article","og_title":"Rekrutierung in Couar\u00f4ge - Werden Sie Teil unseres Teams","og_description":"Entdecken Sie die Stellenangebote und werden Sie Teil des Teams von Le Couar\u00f4ge. Werden Sie Teil des Abenteuers der Unterk\u00fcnfte und Aktivit\u00e4ten in den Bergen.","og_url":"https:\/\/www.couaroge.com\/de\/recrutement\/","og_site_name":"Couaroge","article_publisher":"https:\/\/www.facebook.com\/lecouaroge","article_modified_time":"2025-10-22T10:14:51+00:00","twitter_card":"summary_large_image","schema":{"@context":"https:\/\/schema.org","@graph":[{"@type":"WebPage","@id":"https:\/\/www.couaroge.com\/de\/recrutement\/","url":"https:\/\/www.couaroge.com\/de\/recrutement\/","name":"Rekrutierung in Couar\u00f4ge - Werden Sie Teil unseres Teams","isPartOf":{"@id":"https:\/\/www.couaroge.com\/#website"},"datePublished":"2024-08-02T07:12:02+00:00","dateModified":"2025-10-22T10:14:51+00:00","description":"Entdecken Sie die Stellenangebote und werden Sie Teil des Teams von Le Couar\u00f4ge. Werden Sie Teil des Abenteuers der Unterk\u00fcnfte und Aktivit\u00e4ten in den Bergen.","breadcrumb":{"@id":"https:\/\/www.couaroge.com\/de\/recrutement\/#breadcrumb"},"inLanguage":"de","potentialAction":[{"@type":"ReadAction","target":["https:\/\/www.couaroge.com\/de\/recrutement\/"]}]},{"@type":"BreadcrumbList","@id":"https:\/\/www.couaroge.com\/de\/recrutement\/#breadcrumb","itemListElement":[{"@type":"ListItem","position":1,"name":"Home","item":"https:\/\/www.couaroge.com\/de\/"},{"@type":"ListItem","position":2,"name":"Recrutement"}]},{"@type":"WebSite","@id":"https:\/\/www.couaroge.com\/#website","url":"https:\/\/www.couaroge.com\/","name":"Couaroge","description":"","publisher":{"@id":"https:\/\/www.couaroge.com\/#organization"},"potentialAction":[{"@type":"SearchAction","target":{"@type":"EntryPoint","urlTemplate":"https:\/\/www.couaroge.com\/?s={search_term_string}"},"query-input":{"@type":"PropertyValueSpecification","valueRequired":true,"valueName":"search_term_string"}}],"inLanguage":"de"},{"@type":"Organization","@id":"https:\/\/www.couaroge.com\/#organization","name":"Couaroge","url":"https:\/\/www.couaroge.com\/","logo":{"@type":"ImageObject","inLanguage":"de","@id":"https:\/\/www.couaroge.com\/#\/schema\/logo\/image\/","url":"https:\/\/www.couaroge.com\/wp-content\/uploads\/2026\/03\/logo-couaroge.svg","contentUrl":"https:\/\/www.couaroge.com\/wp-content\/uploads\/2026\/03\/logo-couaroge.svg","width":1,"height":1,"caption":"Couaroge"},"image":{"@id":"https:\/\/www.couaroge.com\/#\/schema\/logo\/image\/"},"sameAs":["https:\/\/www.facebook.com\/lecouaroge"]}]}},"_links":{"self":[{"href":"https:\/\/www.couaroge.com\/de\/wp-json\/wp\/v2\/pages\/2636","targetHints":{"allow":["GET"]}}],"collection":[{"href":"https:\/\/www.couaroge.com\/de\/wp-json\/wp\/v2\/pages"}],"about":[{"href":"https:\/\/www.couaroge.com\/de\/wp-json\/wp\/v2\/types\/page"}],"author":[{"embeddable":true,"href":"https:\/\/www.couaroge.com\/de\/wp-json\/wp\/v2\/users\/1"}],"replies":[{"embeddable":true,"href":"https:\/\/www.couaroge.com\/de\/wp-json\/wp\/v2\/comments?post=2636"}],"version-history":[{"count":1,"href":"https:\/\/www.couaroge.com\/de\/wp-json\/wp\/v2\/pages\/2636\/revisions"}],"predecessor-version":[{"id":3136,"href":"https:\/\/www.couaroge.com\/de\/wp-json\/wp\/v2\/pages\/2636\/revisions\/3136"}],"wp:attachment":[{"href":"https:\/\/www.couaroge.com\/de\/wp-json\/wp\/v2\/media?parent=2636"}],"curies":[{"name":"wp","href":"https:\/\/api.w.org\/{rel}","templated":true}]}}