{"id":2623,"date":"2024-07-31T08:04:03","date_gmt":"2024-07-31T06:04:03","guid":{"rendered":"https:\/\/www.couaroge.com\/aktivitaeten\/"},"modified":"2026-04-07T16:26:15","modified_gmt":"2026-04-07T14:26:15","slug":"aktivitaeten","status":"publish","type":"page","link":"https:\/\/www.couaroge.com\/de\/aktivitaeten\/","title":{"rendered":"Aktivit\u00e4ten"},"content":{"rendered":"","protected":false},"excerpt":{"rendered":"","protected":false},"author":1,"featured_media":2059,"parent":0,"menu_order":0,"comment_status":"closed","ping_status":"closed","template":"templates\/activites.php","meta":{"_acf_changed":false,"footnotes":""},"class_list":["post-2623","page","type-page","status-publish","has-post-thumbnail","hentry"],"acf":[],"yoast_head":"<!-- This site is optimized with the Yoast SEO plugin v25.2 - https:\/\/yoast.com\/wordpress\/plugins\/seo\/ -->\n<title>Outdoor-Bergsport in den Vogesen \u2013 Le Couar\u00f4ge<\/title>\n<meta name=\"description\" content=\"In La Bresse werden Ihnen das ganze Jahr \u00fcber im Herzen des regionalen Naturparks Ballons des Vosges zahlreiche Aktivit\u00e4ten angeboten, sowohl im Sommer als auch im Winter.\" \/>\n<meta name=\"robots\" content=\"index, follow, max-snippet:-1, max-image-preview:large, max-video-preview:-1\" \/>\n<link rel=\"canonical\" href=\"https:\/\/www.couaroge.com\/activites\/\" \/>\n<meta property=\"og:locale\" content=\"de_DE\" \/>\n<meta property=\"og:type\" content=\"article\" \/>\n<meta property=\"og:title\" content=\"Outdoor-Bergsport in den Vogesen \u2013 Le Couar\u00f4ge\" \/>\n<meta property=\"og:description\" content=\"In La Bresse werden Ihnen das ganze Jahr \u00fcber im Herzen des regionalen Naturparks Ballons des Vosges zahlreiche Aktivit\u00e4ten angeboten, sowohl im Sommer als auch im Winter.\" \/>\n<meta property=\"og:url\" content=\"https:\/\/www.couaroge.com\/activites\/\" \/>\n<meta property=\"og:site_name\" content=\"Couaroge\" \/>\n<meta property=\"article:publisher\" content=\"https:\/\/www.facebook.com\/lecouaroge\" \/>\n<meta property=\"article:modified_time\" content=\"2026-04-07T14:26:15+00:00\" \/>\n<meta property=\"og:image\" content=\"https:\/\/www.couaroge.com\/wp-content\/uploads\/2024\/10\/freepik__snowkite-surfer-en-pleine-action-ralisant-un-saut-__1136-1024x584.png\" \/>\n\t<meta property=\"og:image:width\" content=\"1024\" \/>\n\t<meta property=\"og:image:height\" content=\"584\" \/>\n\t<meta property=\"og:image:type\" content=\"image\/png\" \/>\n<meta name=\"twitter:card\" content=\"summary_large_image\" \/>\n<script type=\"application\/ld+json\" class=\"yoast-schema-graph\">{\"@context\":\"https:\/\/schema.org\",\"@graph\":[{\"@type\":\"WebPage\",\"@id\":\"https:\/\/www.couaroge.com\/activites\/\",\"url\":\"https:\/\/www.couaroge.com\/activites\/\",\"name\":\"Outdoor-Bergsport in den Vogesen \u2013 Le Couar\u00f4ge\",\"isPartOf\":{\"@id\":\"https:\/\/www.couaroge.com\/#website\"},\"primaryImageOfPage\":{\"@id\":\"https:\/\/www.couaroge.com\/activites\/#primaryimage\"},\"image\":{\"@id\":\"https:\/\/www.couaroge.com\/activites\/#primaryimage\"},\"thumbnailUrl\":\"https:\/\/www.couaroge.com\/wp-content\/uploads\/2024\/10\/freepik__snowkite-surfer-en-pleine-action-ralisant-un-saut-__1136-e1732279685144.png\",\"datePublished\":\"2024-07-31T06:04:03+00:00\",\"dateModified\":\"2026-04-07T14:26:15+00:00\",\"description\":\"In La Bresse werden Ihnen das ganze Jahr \u00fcber im Herzen des regionalen Naturparks Ballons des Vosges zahlreiche Aktivit\u00e4ten angeboten, sowohl im Sommer als auch im Winter.\",\"breadcrumb\":{\"@id\":\"https:\/\/www.couaroge.com\/activites\/#breadcrumb\"},\"inLanguage\":\"de\",\"potentialAction\":[{\"@type\":\"ReadAction\",\"target\":[\"https:\/\/www.couaroge.com\/activites\/\"]}]},{\"@type\":\"ImageObject\",\"inLanguage\":\"de\",\"@id\":\"https:\/\/www.couaroge.com\/activites\/#primaryimage\",\"url\":\"https:\/\/www.couaroge.com\/wp-content\/uploads\/2024\/10\/freepik__snowkite-surfer-en-pleine-action-ralisant-un-saut-__1136-e1732279685144.png\",\"contentUrl\":\"https:\/\/www.couaroge.com\/wp-content\/uploads\/2024\/10\/freepik__snowkite-surfer-en-pleine-action-ralisant-un-saut-__1136-e1732279685144.png\",\"width\":2048,\"height\":1168,\"caption\":\"Snowkite-surfer-en-pleine-action-ralisant-un-saut-__1136\"},{\"@type\":\"BreadcrumbList\",\"@id\":\"https:\/\/www.couaroge.com\/activites\/#breadcrumb\",\"itemListElement\":[{\"@type\":\"ListItem\",\"position\":1,\"name\":\"Home\",\"item\":\"https:\/\/www.couaroge.com\/de\/\"},{\"@type\":\"ListItem\",\"position\":2,\"name\":\"Aktivit\u00e4ten\"}]},{\"@type\":\"WebSite\",\"@id\":\"https:\/\/www.couaroge.com\/#website\",\"url\":\"https:\/\/www.couaroge.com\/\",\"name\":\"Couaroge\",\"description\":\"\",\"publisher\":{\"@id\":\"https:\/\/www.couaroge.com\/#organization\"},\"potentialAction\":[{\"@type\":\"SearchAction\",\"target\":{\"@type\":\"EntryPoint\",\"urlTemplate\":\"https:\/\/www.couaroge.com\/?s={search_term_string}\"},\"query-input\":{\"@type\":\"PropertyValueSpecification\",\"valueRequired\":true,\"valueName\":\"search_term_string\"}}],\"inLanguage\":\"de\"},{\"@type\":\"Organization\",\"@id\":\"https:\/\/www.couaroge.com\/#organization\",\"name\":\"Couaroge\",\"url\":\"https:\/\/www.couaroge.com\/\",\"logo\":{\"@type\":\"ImageObject\",\"inLanguage\":\"de\",\"@id\":\"https:\/\/www.couaroge.com\/#\/schema\/logo\/image\/\",\"url\":\"https:\/\/www.couaroge.com\/wp-content\/uploads\/2026\/03\/logo-couaroge.svg\",\"contentUrl\":\"https:\/\/www.couaroge.com\/wp-content\/uploads\/2026\/03\/logo-couaroge.svg\",\"width\":1,\"height\":1,\"caption\":\"Couaroge\"},\"image\":{\"@id\":\"https:\/\/www.couaroge.com\/#\/schema\/logo\/image\/\"},\"sameAs\":[\"https:\/\/www.facebook.com\/lecouaroge\"]}]}<\/script>\n<!-- \/ Yoast SEO plugin. -->","yoast_head_json":{"title":"Outdoor-Bergsport in den Vogesen \u2013 Le Couar\u00f4ge","description":"In La Bresse werden Ihnen das ganze Jahr \u00fcber im Herzen des regionalen Naturparks Ballons des Vosges zahlreiche Aktivit\u00e4ten angeboten, sowohl im Sommer als auch im Winter.","robots":{"index":"index","follow":"follow","max-snippet":"max-snippet:-1","max-image-preview":"max-image-preview:large","max-video-preview":"max-video-preview:-1"},"canonical":"https:\/\/www.couaroge.com\/activites\/","og_locale":"de_DE","og_type":"article","og_title":"Outdoor-Bergsport in den Vogesen \u2013 Le Couar\u00f4ge","og_description":"In La Bresse werden Ihnen das ganze Jahr \u00fcber im Herzen des regionalen Naturparks Ballons des Vosges zahlreiche Aktivit\u00e4ten angeboten, sowohl im Sommer als auch im Winter.","og_url":"https:\/\/www.couaroge.com\/activites\/","og_site_name":"Couaroge","article_publisher":"https:\/\/www.facebook.com\/lecouaroge","article_modified_time":"2026-04-07T14:26:15+00:00","og_image":[{"width":1024,"height":584,"url":"https:\/\/www.couaroge.com\/wp-content\/uploads\/2024\/10\/freepik__snowkite-surfer-en-pleine-action-ralisant-un-saut-__1136-1024x584.png","type":"image\/png"}],"twitter_card":"summary_large_image","schema":{"@context":"https:\/\/schema.org","@graph":[{"@type":"WebPage","@id":"https:\/\/www.couaroge.com\/activites\/","url":"https:\/\/www.couaroge.com\/activites\/","name":"Outdoor-Bergsport in den Vogesen \u2013 Le Couar\u00f4ge","isPartOf":{"@id":"https:\/\/www.couaroge.com\/#website"},"primaryImageOfPage":{"@id":"https:\/\/www.couaroge.com\/activites\/#primaryimage"},"image":{"@id":"https:\/\/www.couaroge.com\/activites\/#primaryimage"},"thumbnailUrl":"https:\/\/www.couaroge.com\/wp-content\/uploads\/2024\/10\/freepik__snowkite-surfer-en-pleine-action-ralisant-un-saut-__1136-e1732279685144.png","datePublished":"2024-07-31T06:04:03+00:00","dateModified":"2026-04-07T14:26:15+00:00","description":"In La Bresse werden Ihnen das ganze Jahr \u00fcber im Herzen des regionalen Naturparks Ballons des Vosges zahlreiche Aktivit\u00e4ten angeboten, sowohl im Sommer als auch im Winter.","breadcrumb":{"@id":"https:\/\/www.couaroge.com\/activites\/#breadcrumb"},"inLanguage":"de","potentialAction":[{"@type":"ReadAction","target":["https:\/\/www.couaroge.com\/activites\/"]}]},{"@type":"ImageObject","inLanguage":"de","@id":"https:\/\/www.couaroge.com\/activites\/#primaryimage","url":"https:\/\/www.couaroge.com\/wp-content\/uploads\/2024\/10\/freepik__snowkite-surfer-en-pleine-action-ralisant-un-saut-__1136-e1732279685144.png","contentUrl":"https:\/\/www.couaroge.com\/wp-content\/uploads\/2024\/10\/freepik__snowkite-surfer-en-pleine-action-ralisant-un-saut-__1136-e1732279685144.png","width":2048,"height":1168,"caption":"Snowkite-surfer-en-pleine-action-ralisant-un-saut-__1136"},{"@type":"BreadcrumbList","@id":"https:\/\/www.couaroge.com\/activites\/#breadcrumb","itemListElement":[{"@type":"ListItem","position":1,"name":"Home","item":"https:\/\/www.couaroge.com\/de\/"},{"@type":"ListItem","position":2,"name":"Aktivit\u00e4ten"}]},{"@type":"WebSite","@id":"https:\/\/www.couaroge.com\/#website","url":"https:\/\/www.couaroge.com\/","name":"Couaroge","description":"","publisher":{"@id":"https:\/\/www.couaroge.com\/#organization"},"potentialAction":[{"@type":"SearchAction","target":{"@type":"EntryPoint","urlTemplate":"https:\/\/www.couaroge.com\/?s={search_term_string}"},"query-input":{"@type":"PropertyValueSpecification","valueRequired":true,"valueName":"search_term_string"}}],"inLanguage":"de"},{"@type":"Organization","@id":"https:\/\/www.couaroge.com\/#organization","name":"Couaroge","url":"https:\/\/www.couaroge.com\/","logo":{"@type":"ImageObject","inLanguage":"de","@id":"https:\/\/www.couaroge.com\/#\/schema\/logo\/image\/","url":"https:\/\/www.couaroge.com\/wp-content\/uploads\/2026\/03\/logo-couaroge.svg","contentUrl":"https:\/\/www.couaroge.com\/wp-content\/uploads\/2026\/03\/logo-couaroge.svg","width":1,"height":1,"caption":"Couaroge"},"image":{"@id":"https:\/\/www.couaroge.com\/#\/schema\/logo\/image\/"},"sameAs":["https:\/\/www.facebook.com\/lecouaroge"]}]}},"_links":{"self":[{"href":"https:\/\/www.couaroge.com\/de\/wp-json\/wp\/v2\/pages\/2623","targetHints":{"allow":["GET"]}}],"collection":[{"href":"https:\/\/www.couaroge.com\/de\/wp-json\/wp\/v2\/pages"}],"about":[{"href":"https:\/\/www.couaroge.com\/de\/wp-json\/wp\/v2\/types\/page"}],"author":[{"embeddable":true,"href":"https:\/\/www.couaroge.com\/de\/wp-json\/wp\/v2\/users\/1"}],"replies":[{"embeddable":true,"href":"https:\/\/www.couaroge.com\/de\/wp-json\/wp\/v2\/comments?post=2623"}],"version-history":[{"count":1,"href":"https:\/\/www.couaroge.com\/de\/wp-json\/wp\/v2\/pages\/2623\/revisions"}],"predecessor-version":[{"id":2624,"href":"https:\/\/www.couaroge.com\/de\/wp-json\/wp\/v2\/pages\/2623\/revisions\/2624"}],"wp:featuredmedia":[{"embeddable":true,"href":"https:\/\/www.couaroge.com\/de\/wp-json\/wp\/v2\/media\/2059"}],"wp:attachment":[{"href":"https:\/\/www.couaroge.com\/de\/wp-json\/wp\/v2\/media?parent=2623"}],"curies":[{"name":"wp","href":"https:\/\/api.w.org\/{rel}","templated":true}]}}